{"id":1124,"date":"2025-05-20T10:19:40","date_gmt":"2025-05-20T10:19:40","guid":{"rendered":"https:\/\/nubianfamily.de\/en\/?page_id=1124"},"modified":"2025-10-14T12:21:01","modified_gmt":"2025-10-14T12:21:01","slug":"festival-3","status":"publish","type":"page","link":"https:\/\/nubianfamily.de\/en\/festival-3\/","title":{"rendered":"Festival"},"content":{"rendered":"<div data-elementor-type=\"wp-page\" data-elementor-id=\"1124\" class=\"elementor elementor-1124\">\n\t\t\t\t<div class=\"elementor-element elementor-element-c8c3a5b e-flex e-con-boxed e-con e-parent\" data-id=\"c8c3a5b\" data-element_type=\"container\">\n\t\t\t\t\t<div class=\"e-con-inner\">\n\t\t\t\t<div class=\"elementor-element elementor-element-852f2d6 elementor-widget-divider--separator-type-pattern elementor-widget-divider--no-spacing elementor-widget-divider--view-line elementor-widget elementor-widget-divider\" data-id=\"852f2d6\" data-element_type=\"widget\" data-widget_type=\"divider.default\">\n\t\t\t\t<div class=\"elementor-widget-container\">\n\t\t\t\t\t\t\t<div class=\"elementor-divider\" style=\"--divider-pattern-url: url(&quot;data:image\/svg+xml,%3Csvg xmlns=&#039;http:\/\/www.w3.org\/2000\/svg&#039; preserveAspectRatio=&#039;xMidYMid meet&#039; overflow=&#039;visible&#039; height=&#039;100%&#039; viewBox=&#039;0 0 126 26&#039; fill=&#039;black&#039; stroke=&#039;none&#039;%3E%3Cpath d=&#039;M3,10.2c2.6,0,2.6,2,2.6,3.2S4.4,16.5,3,16.5s-3-1.4-3-3.2S0.4,10.2,3,10.2z M18.8,10.2c1.7,0,3.2,1.4,3.2,3.2s-1.4,3.2-3.2,3.2c-1.7,0-3.2-1.4-3.2-3.2S17,10.2,18.8,10.2z M34.6,10.2c1.5,0,2.6,1.4,2.6,3.2s-0.5,3.2-1.9,3.2c-1.5,0-3.4-1.4-3.4-3.2S33.1,10.2,34.6,10.2z M50.5,10.2c1.7,0,3.2,1.4,3.2,3.2s-1.4,3.2-3.2,3.2c-1.7,0-3.3-0.9-3.3-2.6S48.7,10.2,50.5,10.2z M66.2,10.2c1.5,0,3.4,1.4,3.4,3.2s-1.9,3.2-3.4,3.2c-1.5,0-2.6-0.4-2.6-2.1S64.8,10.2,66.2,10.2z M82.2,10.2c1.7,0.8,2.6,1.4,2.6,3.2s-0.1,3.2-1.6,3.2c-1.5,0-3.7-1.4-3.7-3.2S80.5,9.4,82.2,10.2zM98.6,10.2c1.5,0,2.6,0.4,2.6,2.1s-1.2,4.2-2.6,4.2c-1.5,0-3.7-0.4-3.7-2.1S97.1,10.2,98.6,10.2z M113.4,10.2c1.2,0,2.2,0.9,2.2,3.2s-0.1,3.2-1.3,3.2s-3.1-1.4-3.1-3.2S112.2,10.2,113.4,10.2z&#039;\/%3E%3C\/svg%3E&quot;);\">\n\t\t\t<span class=\"elementor-divider-separator\">\n\t\t\t\t\t\t<\/span>\n\t\t<\/div>\n\t\t\t\t\t\t<\/div>\n\t\t\t\t<\/div>\n\t\t\t\t\t<\/div>\n\t\t\t\t<\/div>\n\t\t<div class=\"elementor-element elementor-element-b8adcdc e-con-full e-flex e-con e-parent\" data-id=\"b8adcdc\" data-element_type=\"container\">\n\t\t\t\t<div class=\"elementor-element elementor-element-b8df164 elementor-widget__width-initial elementor-arrows-position-inside elementor-pagination-position-outside elementor-widget elementor-widget-image-carousel\" data-id=\"b8df164\" data-element_type=\"widget\" data-settings=\"{&quot;slides_to_show&quot;:&quot;1&quot;,&quot;navigation&quot;:&quot;both&quot;,&quot;autoplay&quot;:&quot;yes&quot;,&quot;pause_on_hover&quot;:&quot;yes&quot;,&quot;pause_on_interaction&quot;:&quot;yes&quot;,&quot;autoplay_speed&quot;:5000,&quot;infinite&quot;:&quot;yes&quot;,&quot;effect&quot;:&quot;slide&quot;,&quot;speed&quot;:500}\" data-widget_type=\"image-carousel.default\">\n\t\t\t\t<div class=\"elementor-widget-container\">\n\t\t\t\t\t\t\t<div class=\"elementor-image-carousel-wrapper swiper\" role=\"region\" aria-roledescription=\"carousel\" aria-label=\"Bild Karussell\" dir=\"ltr\">\n\t\t\t<div class=\"elementor-image-carousel swiper-wrapper\" aria-live=\"off\">\n\t\t\t\t\t\t\t\t<div class=\"swiper-slide\" role=\"group\" aria-roledescription=\"slide\" aria-label=\"1 von 17\"><figure class=\"swiper-slide-inner\"><img decoding=\"async\" class=\"swiper-slide-image\" src=\"https:\/\/nubianfamily.de\/wp-content\/uploads\/2025\/03\/DSC0357-768x477.jpg\" alt=\"_DSC0357\" \/><\/figure><\/div><div class=\"swiper-slide\" role=\"group\" aria-roledescription=\"slide\" aria-label=\"2 von 17\"><figure class=\"swiper-slide-inner\"><img decoding=\"async\" class=\"swiper-slide-image\" src=\"https:\/\/nubianfamily.de\/wp-content\/uploads\/2025\/03\/DSC0343-768x501.jpg\" alt=\"_DSC0343\" \/><\/figure><\/div><div class=\"swiper-slide\" role=\"group\" aria-roledescription=\"slide\" aria-label=\"3 von 17\"><figure class=\"swiper-slide-inner\"><img decoding=\"async\" class=\"swiper-slide-image\" src=\"https:\/\/nubianfamily.de\/wp-content\/uploads\/2025\/03\/DSC0380_1-768x513.jpg\" alt=\"_DSC0380\" \/><\/figure><\/div><div class=\"swiper-slide\" role=\"group\" aria-roledescription=\"slide\" aria-label=\"4 von 17\"><figure class=\"swiper-slide-inner\"><img decoding=\"async\" class=\"swiper-slide-image\" src=\"https:\/\/nubianfamily.de\/wp-content\/uploads\/2025\/08\/DSC00157-768x513.jpg\" alt=\"DSC00157\" \/><\/figure><\/div><div class=\"swiper-slide\" role=\"group\" aria-roledescription=\"slide\" aria-label=\"5 von 17\"><figure class=\"swiper-slide-inner\"><img decoding=\"async\" class=\"swiper-slide-image\" src=\"https:\/\/nubianfamily.de\/wp-content\/uploads\/2025\/08\/DSC00161-768x513.jpg\" alt=\"DSC00161\" \/><\/figure><\/div><div class=\"swiper-slide\" role=\"group\" aria-roledescription=\"slide\" aria-label=\"6 von 17\"><figure class=\"swiper-slide-inner\"><img decoding=\"async\" class=\"swiper-slide-image\" src=\"https:\/\/nubianfamily.de\/wp-content\/uploads\/2025\/08\/DSC0429-1-768x513.jpg\" alt=\"_DSC0429\" \/><\/figure><\/div><div class=\"swiper-slide\" role=\"group\" aria-roledescription=\"slide\" aria-label=\"7 von 17\"><figure class=\"swiper-slide-inner\"><img decoding=\"async\" class=\"swiper-slide-image\" src=\"https:\/\/nubianfamily.de\/wp-content\/uploads\/2025\/08\/DSC0422-1-768x513.jpg\" alt=\"_DSC0422\" \/><\/figure><\/div><div class=\"swiper-slide\" role=\"group\" aria-roledescription=\"slide\" aria-label=\"8 von 17\"><figure class=\"swiper-slide-inner\"><img decoding=\"async\" class=\"swiper-slide-image\" src=\"https:\/\/nubianfamily.de\/wp-content\/uploads\/2025\/08\/DSC00136-768x513.jpg\" alt=\"DSC00136\" \/><\/figure><\/div><div class=\"swiper-slide\" role=\"group\" aria-roledescription=\"slide\" aria-label=\"9 von 17\"><figure class=\"swiper-slide-inner\"><img decoding=\"async\" class=\"swiper-slide-image\" src=\"https:\/\/nubianfamily.de\/wp-content\/uploads\/2025\/08\/DSC00114-768x487.jpg\" alt=\"DSC00114\" \/><\/figure><\/div><div class=\"swiper-slide\" role=\"group\" aria-roledescription=\"slide\" aria-label=\"10 von 17\"><figure class=\"swiper-slide-inner\"><img decoding=\"async\" class=\"swiper-slide-image\" src=\"https:\/\/nubianfamily.de\/wp-content\/uploads\/2025\/08\/DSC00140-768x509.jpg\" alt=\"DSC00140\" \/><\/figure><\/div><div class=\"swiper-slide\" role=\"group\" aria-roledescription=\"slide\" aria-label=\"11 von 17\"><figure class=\"swiper-slide-inner\"><img decoding=\"async\" class=\"swiper-slide-image\" src=\"https:\/\/nubianfamily.de\/wp-content\/uploads\/2025\/08\/DSC00063-768x513.jpg\" alt=\"DSC00063\" \/><\/figure><\/div><div class=\"swiper-slide\" role=\"group\" aria-roledescription=\"slide\" aria-label=\"12 von 17\"><figure class=\"swiper-slide-inner\"><img decoding=\"async\" class=\"swiper-slide-image\" src=\"https:\/\/nubianfamily.de\/wp-content\/uploads\/2025\/08\/DSC00077-768x513.jpg\" alt=\"DSC00077\" \/><\/figure><\/div><div class=\"swiper-slide\" role=\"group\" aria-roledescription=\"slide\" aria-label=\"13 von 17\"><figure class=\"swiper-slide-inner\"><img decoding=\"async\" class=\"swiper-slide-image\" src=\"https:\/\/nubianfamily.de\/wp-content\/uploads\/2025\/08\/DSC00224-768x506.jpg\" alt=\"DSC00224\" \/><\/figure><\/div><div class=\"swiper-slide\" role=\"group\" aria-roledescription=\"slide\" aria-label=\"14 von 17\"><figure class=\"swiper-slide-inner\"><img decoding=\"async\" class=\"swiper-slide-image\" src=\"https:\/\/nubianfamily.de\/wp-content\/uploads\/2025\/08\/DSC00235-768x513.jpg\" alt=\"DSC00235\" \/><\/figure><\/div><div class=\"swiper-slide\" role=\"group\" aria-roledescription=\"slide\" aria-label=\"15 von 17\"><figure class=\"swiper-slide-inner\"><img decoding=\"async\" class=\"swiper-slide-image\" src=\"https:\/\/nubianfamily.de\/wp-content\/uploads\/2025\/08\/DSC00220-768x513.jpg\" alt=\"DSC00220\" \/><\/figure><\/div><div class=\"swiper-slide\" role=\"group\" aria-roledescription=\"slide\" aria-label=\"16 von 17\"><figure class=\"swiper-slide-inner\"><img decoding=\"async\" class=\"swiper-slide-image\" src=\"https:\/\/nubianfamily.de\/wp-content\/uploads\/2025\/08\/DSC00214-768x507.jpg\" alt=\"DSC00214\" \/><\/figure><\/div><div class=\"swiper-slide\" role=\"group\" aria-roledescription=\"slide\" aria-label=\"17 von 17\"><figure class=\"swiper-slide-inner\"><img decoding=\"async\" class=\"swiper-slide-image\" src=\"https:\/\/nubianfamily.de\/wp-content\/uploads\/2025\/03\/DSC00253-768x513.jpg\" alt=\"DSC00253\" \/><\/figure><\/div>\t\t\t<\/div>\n\t\t\t\t\t\t\t\t\t\t\t\t<div class=\"elementor-swiper-button elementor-swiper-button-prev\" role=\"button\" tabindex=\"0\">\n\t\t\t\t\t\t<svg aria-hidden=\"true\" class=\"e-font-icon-svg e-eicon-chevron-left\" viewbox=\"0 0 1000 1000\" xmlns=\"http:\/\/www.w3.org\/2000\/svg\"><path d=\"M646 125C629 125 613 133 604 142L308 442C296 454 292 471 292 487 292 504 296 521 308 533L604 854C617 867 629 875 646 875 663 875 679 871 692 858 704 846 713 829 713 812 713 796 708 779 692 767L438 487 692 225C700 217 708 204 708 187 708 171 704 154 692 142 675 129 663 125 646 125Z\"><\/path><\/svg>\t\t\t\t\t<\/div>\n\t\t\t\t\t<div class=\"elementor-swiper-button elementor-swiper-button-next\" role=\"button\" tabindex=\"0\">\n\t\t\t\t\t\t<svg aria-hidden=\"true\" class=\"e-font-icon-svg e-eicon-chevron-right\" viewbox=\"0 0 1000 1000\" xmlns=\"http:\/\/www.w3.org\/2000\/svg\"><path d=\"M696 533C708 521 713 504 713 487 713 471 708 454 696 446L400 146C388 133 375 125 354 125 338 125 325 129 313 142 300 154 292 171 292 187 292 204 296 221 308 233L563 492 304 771C292 783 288 800 288 817 288 833 296 850 308 863 321 871 338 875 354 875 371 875 388 867 400 854L696 533Z\"><\/path><\/svg>\t\t\t\t\t<\/div>\n\t\t\t\t\n\t\t\t\t\t\t\t\t\t<div class=\"swiper-pagination\"><\/div>\n\t\t\t\t\t\t\t\t\t<\/div>\n\t\t\t\t\t\t<\/div>\n\t\t\t\t<\/div>\n\t\t\t\t<\/div>\n\t\t<div class=\"elementor-element elementor-element-927da31 e-flex e-con-boxed e-con e-parent\" data-id=\"927da31\" data-element_type=\"container\">\n\t\t\t\t\t<div class=\"e-con-inner\">\n\t\t\t\t<div class=\"elementor-element elementor-element-c819c70 elementor-widget-divider--separator-type-pattern elementor-widget-divider--no-spacing elementor-widget-divider--view-line elementor-widget elementor-widget-divider\" data-id=\"c819c70\" data-element_type=\"widget\" data-widget_type=\"divider.default\">\n\t\t\t\t<div class=\"elementor-widget-container\">\n\t\t\t\t\t\t\t<div class=\"elementor-divider\" style=\"--divider-pattern-url: url(&quot;data:image\/svg+xml,%3Csvg xmlns=&#039;http:\/\/www.w3.org\/2000\/svg&#039; preserveAspectRatio=&#039;xMidYMid meet&#039; overflow=&#039;visible&#039; height=&#039;100%&#039; viewBox=&#039;0 0 126 26&#039; fill=&#039;black&#039; stroke=&#039;none&#039;%3E%3Cpath d=&#039;M3,10.2c2.6,0,2.6,2,2.6,3.2S4.4,16.5,3,16.5s-3-1.4-3-3.2S0.4,10.2,3,10.2z M18.8,10.2c1.7,0,3.2,1.4,3.2,3.2s-1.4,3.2-3.2,3.2c-1.7,0-3.2-1.4-3.2-3.2S17,10.2,18.8,10.2z M34.6,10.2c1.5,0,2.6,1.4,2.6,3.2s-0.5,3.2-1.9,3.2c-1.5,0-3.4-1.4-3.4-3.2S33.1,10.2,34.6,10.2z M50.5,10.2c1.7,0,3.2,1.4,3.2,3.2s-1.4,3.2-3.2,3.2c-1.7,0-3.3-0.9-3.3-2.6S48.7,10.2,50.5,10.2z M66.2,10.2c1.5,0,3.4,1.4,3.4,3.2s-1.9,3.2-3.4,3.2c-1.5,0-2.6-0.4-2.6-2.1S64.8,10.2,66.2,10.2z M82.2,10.2c1.7,0.8,2.6,1.4,2.6,3.2s-0.1,3.2-1.6,3.2c-1.5,0-3.7-1.4-3.7-3.2S80.5,9.4,82.2,10.2zM98.6,10.2c1.5,0,2.6,0.4,2.6,2.1s-1.2,4.2-2.6,4.2c-1.5,0-3.7-0.4-3.7-2.1S97.1,10.2,98.6,10.2z M113.4,10.2c1.2,0,2.2,0.9,2.2,3.2s-0.1,3.2-1.3,3.2s-3.1-1.4-3.1-3.2S112.2,10.2,113.4,10.2z&#039;\/%3E%3C\/svg%3E&quot;);\">\n\t\t\t<span class=\"elementor-divider-separator\">\n\t\t\t\t\t\t<\/span>\n\t\t<\/div>\n\t\t\t\t\t\t<\/div>\n\t\t\t\t<\/div>\n\t\t\t\t<div class=\"elementor-element elementor-element-468fb15 elementor-widget elementor-widget-text-editor\" data-id=\"468fb15\" data-element_type=\"widget\" data-widget_type=\"text-editor.default\">\n\t\t\t\t<div class=\"elementor-widget-container\">\n\t\t\t\t\t\t\t\t\t<p><span style=\"font-family: Arial, sans-serif; color: #000000;\">The Nubian Family Festival focuses not only on the public of Rheinstetten and the surrounding area. Guests from all over the world are welcome. With our event program we create a multicultural meeting place and develop space for exchange.\u00a0<\/span><\/p><p><span style=\"font-family: Arial, sans-serif; color: #000000;\">The all-embracing cultural program extends over many disciplines. The focus is on music, which connects everyone and creates positive vibes. Our program is directed towards people of all ages and nationalities with diverse cultural and religious backgrounds. We strive to ensure that our events enable mutual discovery of other cultures and that they foster diverse international connections.\u00a0<\/span><\/p><p><span style=\"font-family: Arial, sans-serif; color: #000000;\">We want to enable everyone to participate in our events, regardless of financial circumstances, that\u00b4s why we offer admission on a donation basis. Food is usually also available for donations. The principle of solidarity thereby results in greater social justice for people with low incomes.\u00a0<\/span><\/p><p><span style=\"font-family: Arial, sans-serif; color: #000000;\">At the Nubian Family Festival, you can experience live concerts, DJs, workshops, readings, open stage, dance, visual arts and much more. We give artists a platform to show their presence and you are welcome to expand our program with your creative projects.<\/span><\/p><p><span style=\"font-family: Arial, sans-serif; color: #000000;\">Further information about the Nubian Family Festival 19 &amp; 20 September 2025 can be found here:<strong>\u00a0<a href=\"https:\/\/nubianfamily.de\/en\/aktuell\/\">News<\/a><\/strong>.<\/span><\/p><p><span style=\"font-family: Arial, sans-serif; color: #000000;\">\u00a0<\/span><\/p><p><span style=\"font-family: Arial, sans-serif; color: #000000;\">\u00a0<\/span><\/p>\t\t\t\t\t\t\t\t<\/div>\n\t\t\t\t<\/div>\n\t\t\t\t<div class=\"elementor-element elementor-element-25f905f elementor-widget-divider--separator-type-pattern elementor-widget-divider--no-spacing elementor-widget-divider--view-line elementor-widget elementor-widget-divider\" data-id=\"25f905f\" data-element_type=\"widget\" data-widget_type=\"divider.default\">\n\t\t\t\t<div class=\"elementor-widget-container\">\n\t\t\t\t\t\t\t<div class=\"elementor-divider\" style=\"--divider-pattern-url: url(&quot;data:image\/svg+xml,%3Csvg xmlns=&#039;http:\/\/www.w3.org\/2000\/svg&#039; preserveAspectRatio=&#039;xMidYMid meet&#039; overflow=&#039;visible&#039; height=&#039;100%&#039; viewBox=&#039;0 0 126 26&#039; fill=&#039;black&#039; stroke=&#039;none&#039;%3E%3Cpath d=&#039;M3,10.2c2.6,0,2.6,2,2.6,3.2S4.4,16.5,3,16.5s-3-1.4-3-3.2S0.4,10.2,3,10.2z M18.8,10.2c1.7,0,3.2,1.4,3.2,3.2s-1.4,3.2-3.2,3.2c-1.7,0-3.2-1.4-3.2-3.2S17,10.2,18.8,10.2z M34.6,10.2c1.5,0,2.6,1.4,2.6,3.2s-0.5,3.2-1.9,3.2c-1.5,0-3.4-1.4-3.4-3.2S33.1,10.2,34.6,10.2z M50.5,10.2c1.7,0,3.2,1.4,3.2,3.2s-1.4,3.2-3.2,3.2c-1.7,0-3.3-0.9-3.3-2.6S48.7,10.2,50.5,10.2z M66.2,10.2c1.5,0,3.4,1.4,3.4,3.2s-1.9,3.2-3.4,3.2c-1.5,0-2.6-0.4-2.6-2.1S64.8,10.2,66.2,10.2z M82.2,10.2c1.7,0.8,2.6,1.4,2.6,3.2s-0.1,3.2-1.6,3.2c-1.5,0-3.7-1.4-3.7-3.2S80.5,9.4,82.2,10.2zM98.6,10.2c1.5,0,2.6,0.4,2.6,2.1s-1.2,4.2-2.6,4.2c-1.5,0-3.7-0.4-3.7-2.1S97.1,10.2,98.6,10.2z M113.4,10.2c1.2,0,2.2,0.9,2.2,3.2s-0.1,3.2-1.3,3.2s-3.1-1.4-3.1-3.2S112.2,10.2,113.4,10.2z&#039;\/%3E%3C\/svg%3E&quot;);\">\n\t\t\t<span class=\"elementor-divider-separator\">\n\t\t\t\t\t\t<\/span>\n\t\t<\/div>\n\t\t\t\t\t\t<\/div>\n\t\t\t\t<\/div>\n\t\t\t\t\t<\/div>\n\t\t\t\t<\/div>\n\t\t\t\t<\/div>","protected":false},"excerpt":{"rendered":"<p>&nbsp; Das Nubian Family Festival richtet sich nicht nur an die breite Bev\u00f6lkerung Rheinstettens und Umgebung. G\u00e4ste aus der ganzen Welt sind bei uns willkommen. Mit unserem Veranstaltungsprogramm erschaffen wir einen multikulturellen Begegnungsort und entwickeln einen Raum f\u00fcr Austausch. Das umfangreiche Kulturangebot erstreckt sich \u00fcber viele Gebiete. Im Mittelpunkt steht Musik, die alles verbindet und [&hellip;]<\/p>","protected":false},"author":1,"featured_media":1198,"parent":0,"menu_order":3,"comment_status":"closed","ping_status":"closed","template":"","meta":{"_monsterinsights_skip_tracking":false,"_monsterinsights_sitenote_active":false,"_monsterinsights_sitenote_note":"","_monsterinsights_sitenote_category":0,"footnotes":""},"class_list":["post-1124","page","type-page","status-publish","has-post-thumbnail"],"yoast_head":"<!-- This site is optimized with the Yoast SEO plugin v26.1.1 - https:\/\/yoast.com\/wordpress\/plugins\/seo\/ -->\n<title>Festival -<\/title>\n<meta name=\"description\" content=\"Das gro\u00dfe Nubian Family Festival ist die ber\u00fchmteste legend\u00e4re internationale j\u00e4hrliche Veranstaltung von Nubian Family e.V.\" \/>\n<meta name=\"robots\" content=\"index, follow, max-snippet:-1, max-image-preview:large, max-video-preview:-1\" \/>\n<link rel=\"canonical\" href=\"https:\/\/nubianfamily.de\/en\/festival-3\/\" \/>\n<meta property=\"og:locale\" content=\"en_US\" \/>\n<meta property=\"og:type\" content=\"article\" \/>\n<meta property=\"og:title\" content=\"Festival -\" \/>\n<meta property=\"og:description\" content=\"Das gro\u00dfe Nubian Family Festival ist die ber\u00fchmteste legend\u00e4re internationale j\u00e4hrliche Veranstaltung von Nubian Family e.V.\" \/>\n<meta property=\"og:url\" content=\"https:\/\/nubianfamily.de\/en\/festival-3\/\" \/>\n<meta property=\"article:modified_time\" content=\"2025-10-14T12:21:01+00:00\" \/>\n<meta property=\"og:image\" content=\"https:\/\/nubianfamily.de\/wp-content\/uploads\/2025\/03\/cropped-NF_png_Logo-1.png\" \/>\n\t<meta property=\"og:image:width\" content=\"512\" \/>\n\t<meta property=\"og:image:height\" content=\"512\" \/>\n\t<meta property=\"og:image:type\" content=\"image\/png\" \/>\n<meta name=\"twitter:card\" content=\"summary_large_image\" \/>\n<meta name=\"twitter:label1\" content=\"Est. reading time\" \/>\n\t<meta name=\"twitter:data1\" content=\"5 minutes\" \/>\n<script type=\"application\/ld+json\" class=\"yoast-schema-graph\">{\"@context\":\"https:\/\/schema.org\",\"@graph\":[{\"@type\":\"WebPage\",\"@id\":\"https:\/\/nubianfamily.de\/festival-3\/\",\"url\":\"https:\/\/nubianfamily.de\/festival-3\/\",\"name\":\"Festival -\",\"isPartOf\":{\"@id\":\"https:\/\/nubianfamily.de\/#website\"},\"primaryImageOfPage\":{\"@id\":\"https:\/\/nubianfamily.de\/festival-3\/#primaryimage\"},\"image\":{\"@id\":\"https:\/\/nubianfamily.de\/festival-3\/#primaryimage\"},\"thumbnailUrl\":\"https:\/\/nubianfamily.de\/wp-content\/uploads\/2025\/03\/cropped-NF_png_Logo-1.png\",\"datePublished\":\"2025-05-20T10:19:40+00:00\",\"dateModified\":\"2025-10-14T12:21:01+00:00\",\"description\":\"Das gro\u00dfe Nubian Family Festival ist die ber\u00fchmteste legend\u00e4re internationale j\u00e4hrliche Veranstaltung von Nubian Family e.V.\",\"breadcrumb\":{\"@id\":\"https:\/\/nubianfamily.de\/festival-3\/#breadcrumb\"},\"inLanguage\":\"en-US\",\"potentialAction\":[{\"@type\":\"ReadAction\",\"target\":[\"https:\/\/nubianfamily.de\/festival-3\/\"]}]},{\"@type\":\"ImageObject\",\"inLanguage\":\"en-US\",\"@id\":\"https:\/\/nubianfamily.de\/festival-3\/#primaryimage\",\"url\":\"https:\/\/nubianfamily.de\/wp-content\/uploads\/2025\/03\/cropped-NF_png_Logo-1.png\",\"contentUrl\":\"https:\/\/nubianfamily.de\/wp-content\/uploads\/2025\/03\/cropped-NF_png_Logo-1.png\",\"width\":512,\"height\":512},{\"@type\":\"BreadcrumbList\",\"@id\":\"https:\/\/nubianfamily.de\/festival-3\/#breadcrumb\",\"itemListElement\":[{\"@type\":\"ListItem\",\"position\":1,\"name\":\"Startseite\",\"item\":\"https:\/\/nubianfamily.de\/\"},{\"@type\":\"ListItem\",\"position\":2,\"name\":\"Festival\"}]},{\"@type\":\"WebSite\",\"@id\":\"https:\/\/nubianfamily.de\/#website\",\"url\":\"https:\/\/nubianfamily.de\/\",\"name\":\"\",\"description\":\"[:de]Nubian Family e.V.[:]\",\"potentialAction\":[{\"@type\":\"SearchAction\",\"target\":{\"@type\":\"EntryPoint\",\"urlTemplate\":\"https:\/\/nubianfamily.de\/?s={search_term_string}\"},\"query-input\":{\"@type\":\"PropertyValueSpecification\",\"valueRequired\":true,\"valueName\":\"search_term_string\"}}],\"inLanguage\":\"en-US\"}]}<\/script>\n<!-- \/ Yoast SEO plugin. -->","yoast_head_json":{"title":"Festival -","description":"Das gro\u00dfe Nubian Family Festival ist die ber\u00fchmteste legend\u00e4re internationale j\u00e4hrliche Veranstaltung von Nubian Family e.V.","robots":{"index":"index","follow":"follow","max-snippet":"max-snippet:-1","max-image-preview":"max-image-preview:large","max-video-preview":"max-video-preview:-1"},"canonical":"https:\/\/nubianfamily.de\/en\/festival-3\/","og_locale":"en_US","og_type":"article","og_title":"Festival -","og_description":"Das gro\u00dfe Nubian Family Festival ist die ber\u00fchmteste legend\u00e4re internationale j\u00e4hrliche Veranstaltung von Nubian Family e.V.","og_url":"https:\/\/nubianfamily.de\/en\/festival-3\/","article_modified_time":"2025-10-14T12:21:01+00:00","og_image":[{"width":512,"height":512,"url":"https:\/\/nubianfamily.de\/wp-content\/uploads\/2025\/03\/cropped-NF_png_Logo-1.png","type":"image\/png"}],"twitter_card":"summary_large_image","twitter_misc":{"Est. reading time":"5 minutes"},"schema":{"@context":"https:\/\/schema.org","@graph":[{"@type":"WebPage","@id":"https:\/\/nubianfamily.de\/festival-3\/","url":"https:\/\/nubianfamily.de\/festival-3\/","name":"Festival -","isPartOf":{"@id":"https:\/\/nubianfamily.de\/#website"},"primaryImageOfPage":{"@id":"https:\/\/nubianfamily.de\/festival-3\/#primaryimage"},"image":{"@id":"https:\/\/nubianfamily.de\/festival-3\/#primaryimage"},"thumbnailUrl":"https:\/\/nubianfamily.de\/wp-content\/uploads\/2025\/03\/cropped-NF_png_Logo-1.png","datePublished":"2025-05-20T10:19:40+00:00","dateModified":"2025-10-14T12:21:01+00:00","description":"Das gro\u00dfe Nubian Family Festival ist die ber\u00fchmteste legend\u00e4re internationale j\u00e4hrliche Veranstaltung von Nubian Family e.V.","breadcrumb":{"@id":"https:\/\/nubianfamily.de\/festival-3\/#breadcrumb"},"inLanguage":"en-US","potentialAction":[{"@type":"ReadAction","target":["https:\/\/nubianfamily.de\/festival-3\/"]}]},{"@type":"ImageObject","inLanguage":"en-US","@id":"https:\/\/nubianfamily.de\/festival-3\/#primaryimage","url":"https:\/\/nubianfamily.de\/wp-content\/uploads\/2025\/03\/cropped-NF_png_Logo-1.png","contentUrl":"https:\/\/nubianfamily.de\/wp-content\/uploads\/2025\/03\/cropped-NF_png_Logo-1.png","width":512,"height":512},{"@type":"BreadcrumbList","@id":"https:\/\/nubianfamily.de\/festival-3\/#breadcrumb","itemListElement":[{"@type":"ListItem","position":1,"name":"Startseite","item":"https:\/\/nubianfamily.de\/"},{"@type":"ListItem","position":2,"name":"Festival"}]},{"@type":"WebSite","@id":"https:\/\/nubianfamily.de\/#website","url":"https:\/\/nubianfamily.de\/","name":"","description":"[:de]Nubian Family e.V.[:]","potentialAction":[{"@type":"SearchAction","target":{"@type":"EntryPoint","urlTemplate":"https:\/\/nubianfamily.de\/?s={search_term_string}"},"query-input":{"@type":"PropertyValueSpecification","valueRequired":true,"valueName":"search_term_string"}}],"inLanguage":"en-US"}]}},"_links":{"self":[{"href":"https:\/\/nubianfamily.de\/en\/wp-json\/wp\/v2\/pages\/1124","targetHints":{"allow":["GET"]}}],"collection":[{"href":"https:\/\/nubianfamily.de\/en\/wp-json\/wp\/v2\/pages"}],"about":[{"href":"https:\/\/nubianfamily.de\/en\/wp-json\/wp\/v2\/types\/page"}],"author":[{"embeddable":true,"href":"https:\/\/nubianfamily.de\/en\/wp-json\/wp\/v2\/users\/1"}],"replies":[{"embeddable":true,"href":"https:\/\/nubianfamily.de\/en\/wp-json\/wp\/v2\/comments?post=1124"}],"version-history":[{"count":71,"href":"https:\/\/nubianfamily.de\/en\/wp-json\/wp\/v2\/pages\/1124\/revisions"}],"predecessor-version":[{"id":2247,"href":"https:\/\/nubianfamily.de\/en\/wp-json\/wp\/v2\/pages\/1124\/revisions\/2247"}],"wp:featuredmedia":[{"embeddable":true,"href":"https:\/\/nubianfamily.de\/en\/wp-json\/wp\/v2\/media\/1198"}],"wp:attachment":[{"href":"https:\/\/nubianfamily.de\/en\/wp-json\/wp\/v2\/media?parent=1124"}],"curies":[{"name":"wp","href":"https:\/\/api.w.org\/{rel}","templated":true}]}}