{"id":257,"date":"2025-03-19T20:32:12","date_gmt":"2025-03-19T20:32:12","guid":{"rendered":"https:\/\/nubianfamily.de\/?page_id=257"},"modified":"2025-10-14T12:31:34","modified_gmt":"2025-10-14T12:31:34","slug":"mitgliedschaft","status":"publish","type":"page","link":"https:\/\/nubianfamily.de\/en\/mitgliedschaft\/","title":{"rendered":"Support us"},"content":{"rendered":"<div data-elementor-type=\"wp-page\" data-elementor-id=\"257\" class=\"elementor elementor-257\">\n\t\t\t\t<div class=\"elementor-element elementor-element-8d4b528 e-flex e-con-boxed e-con e-parent\" data-id=\"8d4b528\" data-element_type=\"container\">\n\t\t\t\t\t<div class=\"e-con-inner\">\n\t\t\t\t<div class=\"elementor-element elementor-element-fc1254f elementor-widget-divider--separator-type-pattern elementor-widget-divider--no-spacing elementor-widget-divider--view-line elementor-widget elementor-widget-divider\" data-id=\"fc1254f\" data-element_type=\"widget\" data-widget_type=\"divider.default\">\n\t\t\t\t<div class=\"elementor-widget-container\">\n\t\t\t\t\t\t\t<div class=\"elementor-divider\" style=\"--divider-pattern-url: url(&quot;data:image\/svg+xml,%3Csvg xmlns=&#039;http:\/\/www.w3.org\/2000\/svg&#039; preserveAspectRatio=&#039;xMidYMid meet&#039; overflow=&#039;visible&#039; height=&#039;100%&#039; viewBox=&#039;0 0 126 26&#039; fill=&#039;black&#039; stroke=&#039;none&#039;%3E%3Cpath d=&#039;M3,10.2c2.6,0,2.6,2,2.6,3.2S4.4,16.5,3,16.5s-3-1.4-3-3.2S0.4,10.2,3,10.2z M18.8,10.2c1.7,0,3.2,1.4,3.2,3.2s-1.4,3.2-3.2,3.2c-1.7,0-3.2-1.4-3.2-3.2S17,10.2,18.8,10.2z M34.6,10.2c1.5,0,2.6,1.4,2.6,3.2s-0.5,3.2-1.9,3.2c-1.5,0-3.4-1.4-3.4-3.2S33.1,10.2,34.6,10.2z M50.5,10.2c1.7,0,3.2,1.4,3.2,3.2s-1.4,3.2-3.2,3.2c-1.7,0-3.3-0.9-3.3-2.6S48.7,10.2,50.5,10.2z M66.2,10.2c1.5,0,3.4,1.4,3.4,3.2s-1.9,3.2-3.4,3.2c-1.5,0-2.6-0.4-2.6-2.1S64.8,10.2,66.2,10.2z M82.2,10.2c1.7,0.8,2.6,1.4,2.6,3.2s-0.1,3.2-1.6,3.2c-1.5,0-3.7-1.4-3.7-3.2S80.5,9.4,82.2,10.2zM98.6,10.2c1.5,0,2.6,0.4,2.6,2.1s-1.2,4.2-2.6,4.2c-1.5,0-3.7-0.4-3.7-2.1S97.1,10.2,98.6,10.2z M113.4,10.2c1.2,0,2.2,0.9,2.2,3.2s-0.1,3.2-1.3,3.2s-3.1-1.4-3.1-3.2S112.2,10.2,113.4,10.2z&#039;\/%3E%3C\/svg%3E&quot;);\">\n\t\t\t<span class=\"elementor-divider-separator\">\n\t\t\t\t\t\t<\/span>\n\t\t<\/div>\n\t\t\t\t\t\t<\/div>\n\t\t\t\t<\/div>\n\t\t\t\t\t<\/div>\n\t\t\t\t<\/div>\n\t\t<div class=\"elementor-element elementor-element-09767ad e-flex e-con-boxed e-con e-parent\" data-id=\"09767ad\" data-element_type=\"container\">\n\t\t\t\t\t<div class=\"e-con-inner\">\n\t\t\t\t<div class=\"elementor-element elementor-element-1a54aff elementor-widget elementor-widget-text-editor\" data-id=\"1a54aff\" data-element_type=\"widget\" data-widget_type=\"text-editor.default\">\n\t\t\t\t<div class=\"elementor-widget-container\">\n\t\t\t\t\t\t\t\t\t<p><img fetchpriority=\"high\" decoding=\"async\" class=\"alignleft wp-image-1999\" src=\"https:\/\/nubianfamily.de\/wp-content\/uploads\/2025\/08\/DSC0352-300x200.jpg\" alt=\"\" width=\"550\" height=\"367\" srcset=\"https:\/\/nubianfamily.de\/wp-content\/uploads\/2025\/08\/DSC0352-300x200.jpg 300w, https:\/\/nubianfamily.de\/wp-content\/uploads\/2025\/08\/DSC0352-1024x684.jpg 1024w, https:\/\/nubianfamily.de\/wp-content\/uploads\/2025\/08\/DSC0352-768x513.jpg 768w, https:\/\/nubianfamily.de\/wp-content\/uploads\/2025\/08\/DSC0352-1536x1026.jpg 1536w, https:\/\/nubianfamily.de\/wp-content\/uploads\/2025\/08\/DSC0352-2048x1368.jpg 2048w\" sizes=\"(max-width: 550px) 100vw, 550px\" \/>We welcome new members and new creative inspiration!\u00a0<span style=\"background-color: rgba(0, 0, 0, 0);\">The annual membership fee of 15,- \u20ac ensures the membership.<\/span><\/p><p>Membership requests can be submitted via our email address.\u00a0<span style=\"background-color: rgba(0, 0, 0, 0);\">Please contact us via our email address\u00a0<\/span><strong style=\"background-color: rgba(0, 0, 0, 0);\">nubianfamily@gmx.de<\/strong><span style=\"background-color: rgba(0, 0, 0, 0);\">.\u00a0<\/span><\/p><p>All of our association\u2019s activities are made possible through grants and donations. We appreciate every contribution. Every contribution supports our projects and contributes to the further development of the association.<\/p><p>Donations can be transferred to our association account: Nubian Family e.V.,\u00a0<strong>DE32 6605 0101 0108 4083 45<\/strong>, KARSDE66XXX, Sparkasse Rheinstetten.\u00a0<\/p><p>Using the following link at\u00a0<strong>betterplace.org<\/strong>\u00a0You can also donate online:\u00a0<a href=\"https:\/\/secure.betterplace.org\/de\/donate\/platform\/projects\/152353-nubian-family-festival-2025\">https:\/\/secure.betterplace.org\/de\/donate\/platform\/projects\/152353-nubian-family-festival-2025<\/a>.<\/p>\t\t\t\t\t\t\t\t<\/div>\n\t\t\t\t<\/div>\n\t\t\t\t\t<\/div>\n\t\t\t\t<\/div>\n\t\t<div class=\"elementor-element elementor-element-b4f034a e-flex e-con-boxed e-con e-parent\" data-id=\"b4f034a\" data-element_type=\"container\">\n\t\t\t\t\t<div class=\"e-con-inner\">\n\t\t\t\t<div class=\"elementor-element elementor-element-7e910db elementor-widget-divider--separator-type-pattern elementor-widget-divider--no-spacing elementor-widget-divider--view-line elementor-widget elementor-widget-divider\" data-id=\"7e910db\" data-element_type=\"widget\" data-widget_type=\"divider.default\">\n\t\t\t\t<div class=\"elementor-widget-container\">\n\t\t\t\t\t\t\t<div class=\"elementor-divider\" style=\"--divider-pattern-url: url(&quot;data:image\/svg+xml,%3Csvg xmlns=&#039;http:\/\/www.w3.org\/2000\/svg&#039; preserveAspectRatio=&#039;xMidYMid meet&#039; overflow=&#039;visible&#039; height=&#039;100%&#039; viewBox=&#039;0 0 126 26&#039; fill=&#039;black&#039; stroke=&#039;none&#039;%3E%3Cpath d=&#039;M3,10.2c2.6,0,2.6,2,2.6,3.2S4.4,16.5,3,16.5s-3-1.4-3-3.2S0.4,10.2,3,10.2z M18.8,10.2c1.7,0,3.2,1.4,3.2,3.2s-1.4,3.2-3.2,3.2c-1.7,0-3.2-1.4-3.2-3.2S17,10.2,18.8,10.2z M34.6,10.2c1.5,0,2.6,1.4,2.6,3.2s-0.5,3.2-1.9,3.2c-1.5,0-3.4-1.4-3.4-3.2S33.1,10.2,34.6,10.2z M50.5,10.2c1.7,0,3.2,1.4,3.2,3.2s-1.4,3.2-3.2,3.2c-1.7,0-3.3-0.9-3.3-2.6S48.7,10.2,50.5,10.2z M66.2,10.2c1.5,0,3.4,1.4,3.4,3.2s-1.9,3.2-3.4,3.2c-1.5,0-2.6-0.4-2.6-2.1S64.8,10.2,66.2,10.2z M82.2,10.2c1.7,0.8,2.6,1.4,2.6,3.2s-0.1,3.2-1.6,3.2c-1.5,0-3.7-1.4-3.7-3.2S80.5,9.4,82.2,10.2zM98.6,10.2c1.5,0,2.6,0.4,2.6,2.1s-1.2,4.2-2.6,4.2c-1.5,0-3.7-0.4-3.7-2.1S97.1,10.2,98.6,10.2z M113.4,10.2c1.2,0,2.2,0.9,2.2,3.2s-0.1,3.2-1.3,3.2s-3.1-1.4-3.1-3.2S112.2,10.2,113.4,10.2z&#039;\/%3E%3C\/svg%3E&quot;);\">\n\t\t\t<span class=\"elementor-divider-separator\">\n\t\t\t\t\t\t<\/span>\n\t\t<\/div>\n\t\t\t\t\t\t<\/div>\n\t\t\t\t<\/div>\n\t\t\t\t\t<\/div>\n\t\t\t\t<\/div>\n\t\t\t\t<\/div>","protected":false},"excerpt":{"rendered":"<p>Wir freuen uns auf neue Mitglieder und neue kreative Impulse!\u00a0Der Jahresbeitrag von 15,- \u20ac sichert die Mitgliedschaft. \u00dcber unsere E-Mail Adresse kann eine Mitgliedschaftsanfrage gestellt werden.\u00a0Bitte kontaktieren Sie uns \u00fcber unsere E-Mail Adresse\u00a0nubianfamily@gmx.de. Alle T\u00e4tigkeiten von unserem Verein werden durch F\u00f6rderungen und Spenden erm\u00f6glicht. Wir freuen uns auf jede Zuwendung. Jeder Beitrag unterst\u00fctzt unsere Projekte [&hellip;]<\/p>","protected":false},"author":1,"featured_media":1198,"parent":0,"menu_order":0,"comment_status":"closed","ping_status":"closed","template":"","meta":{"_monsterinsights_skip_tracking":false,"_monsterinsights_sitenote_active":false,"_monsterinsights_sitenote_note":"","_monsterinsights_sitenote_category":0,"footnotes":""},"class_list":["post-257","page","type-page","status-publish","has-post-thumbnail"],"yoast_head":"<!-- This site is optimized with the Yoast SEO plugin v26.1.1 - https:\/\/yoast.com\/wordpress\/plugins\/seo\/ -->\n<title>Unterst\u00fctzen -<\/title>\n<meta name=\"description\" content=\"Spenden k\u00f6nnen \u00fcberwiesen werden: Nubian Family e.V., DE32 6605 0101 0108 4083 45, KARSDE66XXX, Sparkasse Rheinstetten.\" \/>\n<meta name=\"robots\" content=\"index, follow, max-snippet:-1, max-image-preview:large, max-video-preview:-1\" \/>\n<link rel=\"canonical\" href=\"https:\/\/nubianfamily.de\/en\/mitgliedschaft\/\" \/>\n<meta property=\"og:locale\" content=\"en_US\" \/>\n<meta property=\"og:type\" content=\"article\" \/>\n<meta property=\"og:title\" content=\"Unterst\u00fctzen -\" \/>\n<meta property=\"og:description\" content=\"Spenden k\u00f6nnen \u00fcberwiesen werden: Nubian Family e.V., DE32 6605 0101 0108 4083 45, KARSDE66XXX, Sparkasse Rheinstetten.\" \/>\n<meta property=\"og:url\" content=\"https:\/\/nubianfamily.de\/en\/mitgliedschaft\/\" \/>\n<meta property=\"article:modified_time\" content=\"2025-10-14T12:31:34+00:00\" \/>\n<meta property=\"og:image\" content=\"https:\/\/nubianfamily.de\/wp-content\/uploads\/2025\/03\/cropped-NF_png_Logo-1.png\" \/>\n\t<meta property=\"og:image:width\" content=\"512\" \/>\n\t<meta property=\"og:image:height\" content=\"512\" \/>\n\t<meta property=\"og:image:type\" content=\"image\/png\" \/>\n<meta name=\"twitter:card\" content=\"summary_large_image\" \/>\n<meta name=\"twitter:label1\" content=\"Est. reading time\" \/>\n\t<meta name=\"twitter:data1\" content=\"1 minute\" \/>\n<script type=\"application\/ld+json\" class=\"yoast-schema-graph\">{\"@context\":\"https:\/\/schema.org\",\"@graph\":[{\"@type\":\"WebPage\",\"@id\":\"https:\/\/nubianfamily.de\/mitgliedschaft\/\",\"url\":\"https:\/\/nubianfamily.de\/mitgliedschaft\/\",\"name\":\"Unterst\u00fctzen -\",\"isPartOf\":{\"@id\":\"https:\/\/nubianfamily.de\/#website\"},\"primaryImageOfPage\":{\"@id\":\"https:\/\/nubianfamily.de\/mitgliedschaft\/#primaryimage\"},\"image\":{\"@id\":\"https:\/\/nubianfamily.de\/mitgliedschaft\/#primaryimage\"},\"thumbnailUrl\":\"https:\/\/nubianfamily.de\/wp-content\/uploads\/2025\/03\/cropped-NF_png_Logo-1.png\",\"datePublished\":\"2025-03-19T20:32:12+00:00\",\"dateModified\":\"2025-10-14T12:31:34+00:00\",\"description\":\"Spenden k\u00f6nnen \u00fcberwiesen werden: Nubian Family e.V., DE32 6605 0101 0108 4083 45, KARSDE66XXX, Sparkasse Rheinstetten.\",\"breadcrumb\":{\"@id\":\"https:\/\/nubianfamily.de\/mitgliedschaft\/#breadcrumb\"},\"inLanguage\":\"en-US\",\"potentialAction\":[{\"@type\":\"ReadAction\",\"target\":[\"https:\/\/nubianfamily.de\/mitgliedschaft\/\"]}]},{\"@type\":\"ImageObject\",\"inLanguage\":\"en-US\",\"@id\":\"https:\/\/nubianfamily.de\/mitgliedschaft\/#primaryimage\",\"url\":\"https:\/\/nubianfamily.de\/wp-content\/uploads\/2025\/03\/cropped-NF_png_Logo-1.png\",\"contentUrl\":\"https:\/\/nubianfamily.de\/wp-content\/uploads\/2025\/03\/cropped-NF_png_Logo-1.png\",\"width\":512,\"height\":512},{\"@type\":\"BreadcrumbList\",\"@id\":\"https:\/\/nubianfamily.de\/mitgliedschaft\/#breadcrumb\",\"itemListElement\":[{\"@type\":\"ListItem\",\"position\":1,\"name\":\"Startseite\",\"item\":\"https:\/\/nubianfamily.de\/\"},{\"@type\":\"ListItem\",\"position\":2,\"name\":\"Unterst\u00fctzen\"}]},{\"@type\":\"WebSite\",\"@id\":\"https:\/\/nubianfamily.de\/#website\",\"url\":\"https:\/\/nubianfamily.de\/\",\"name\":\"\",\"description\":\"[:de]Nubian Family e.V.[:]\",\"potentialAction\":[{\"@type\":\"SearchAction\",\"target\":{\"@type\":\"EntryPoint\",\"urlTemplate\":\"https:\/\/nubianfamily.de\/?s={search_term_string}\"},\"query-input\":{\"@type\":\"PropertyValueSpecification\",\"valueRequired\":true,\"valueName\":\"search_term_string\"}}],\"inLanguage\":\"en-US\"}]}<\/script>\n<!-- \/ Yoast SEO plugin. -->","yoast_head_json":{"title":"Unterst\u00fctzen -","description":"Spenden k\u00f6nnen \u00fcberwiesen werden: Nubian Family e.V., DE32 6605 0101 0108 4083 45, KARSDE66XXX, Sparkasse Rheinstetten.","robots":{"index":"index","follow":"follow","max-snippet":"max-snippet:-1","max-image-preview":"max-image-preview:large","max-video-preview":"max-video-preview:-1"},"canonical":"https:\/\/nubianfamily.de\/en\/mitgliedschaft\/","og_locale":"en_US","og_type":"article","og_title":"Unterst\u00fctzen -","og_description":"Spenden k\u00f6nnen \u00fcberwiesen werden: Nubian Family e.V., DE32 6605 0101 0108 4083 45, KARSDE66XXX, Sparkasse Rheinstetten.","og_url":"https:\/\/nubianfamily.de\/en\/mitgliedschaft\/","article_modified_time":"2025-10-14T12:31:34+00:00","og_image":[{"width":512,"height":512,"url":"https:\/\/nubianfamily.de\/wp-content\/uploads\/2025\/03\/cropped-NF_png_Logo-1.png","type":"image\/png"}],"twitter_card":"summary_large_image","twitter_misc":{"Est. reading time":"1 minute"},"schema":{"@context":"https:\/\/schema.org","@graph":[{"@type":"WebPage","@id":"https:\/\/nubianfamily.de\/mitgliedschaft\/","url":"https:\/\/nubianfamily.de\/mitgliedschaft\/","name":"Unterst\u00fctzen -","isPartOf":{"@id":"https:\/\/nubianfamily.de\/#website"},"primaryImageOfPage":{"@id":"https:\/\/nubianfamily.de\/mitgliedschaft\/#primaryimage"},"image":{"@id":"https:\/\/nubianfamily.de\/mitgliedschaft\/#primaryimage"},"thumbnailUrl":"https:\/\/nubianfamily.de\/wp-content\/uploads\/2025\/03\/cropped-NF_png_Logo-1.png","datePublished":"2025-03-19T20:32:12+00:00","dateModified":"2025-10-14T12:31:34+00:00","description":"Spenden k\u00f6nnen \u00fcberwiesen werden: Nubian Family e.V., DE32 6605 0101 0108 4083 45, KARSDE66XXX, Sparkasse Rheinstetten.","breadcrumb":{"@id":"https:\/\/nubianfamily.de\/mitgliedschaft\/#breadcrumb"},"inLanguage":"en-US","potentialAction":[{"@type":"ReadAction","target":["https:\/\/nubianfamily.de\/mitgliedschaft\/"]}]},{"@type":"ImageObject","inLanguage":"en-US","@id":"https:\/\/nubianfamily.de\/mitgliedschaft\/#primaryimage","url":"https:\/\/nubianfamily.de\/wp-content\/uploads\/2025\/03\/cropped-NF_png_Logo-1.png","contentUrl":"https:\/\/nubianfamily.de\/wp-content\/uploads\/2025\/03\/cropped-NF_png_Logo-1.png","width":512,"height":512},{"@type":"BreadcrumbList","@id":"https:\/\/nubianfamily.de\/mitgliedschaft\/#breadcrumb","itemListElement":[{"@type":"ListItem","position":1,"name":"Startseite","item":"https:\/\/nubianfamily.de\/"},{"@type":"ListItem","position":2,"name":"Unterst\u00fctzen"}]},{"@type":"WebSite","@id":"https:\/\/nubianfamily.de\/#website","url":"https:\/\/nubianfamily.de\/","name":"","description":"[:de]Nubian Family e.V.[:]","potentialAction":[{"@type":"SearchAction","target":{"@type":"EntryPoint","urlTemplate":"https:\/\/nubianfamily.de\/?s={search_term_string}"},"query-input":{"@type":"PropertyValueSpecification","valueRequired":true,"valueName":"search_term_string"}}],"inLanguage":"en-US"}]}},"_links":{"self":[{"href":"https:\/\/nubianfamily.de\/en\/wp-json\/wp\/v2\/pages\/257","targetHints":{"allow":["GET"]}}],"collection":[{"href":"https:\/\/nubianfamily.de\/en\/wp-json\/wp\/v2\/pages"}],"about":[{"href":"https:\/\/nubianfamily.de\/en\/wp-json\/wp\/v2\/types\/page"}],"author":[{"embeddable":true,"href":"https:\/\/nubianfamily.de\/en\/wp-json\/wp\/v2\/users\/1"}],"replies":[{"embeddable":true,"href":"https:\/\/nubianfamily.de\/en\/wp-json\/wp\/v2\/comments?post=257"}],"version-history":[{"count":125,"href":"https:\/\/nubianfamily.de\/en\/wp-json\/wp\/v2\/pages\/257\/revisions"}],"predecessor-version":[{"id":2248,"href":"https:\/\/nubianfamily.de\/en\/wp-json\/wp\/v2\/pages\/257\/revisions\/2248"}],"wp:featuredmedia":[{"embeddable":true,"href":"https:\/\/nubianfamily.de\/en\/wp-json\/wp\/v2\/media\/1198"}],"wp:attachment":[{"href":"https:\/\/nubianfamily.de\/en\/wp-json\/wp\/v2\/media?parent=257"}],"curies":[{"name":"wp","href":"https:\/\/api.w.org\/{rel}","templated":true}]}}