{"id":9,"date":"2025-02-27T14:54:38","date_gmt":"2025-02-27T14:54:38","guid":{"rendered":"https:\/\/nubianfamily.de\/?page_id=9"},"modified":"2025-10-14T12:28:57","modified_gmt":"2025-10-14T12:28:57","slug":"ueber-uns","status":"publish","type":"page","link":"https:\/\/nubianfamily.de\/en\/ueber-uns\/","title":{"rendered":"About us"},"content":{"rendered":"<div data-elementor-type=\"wp-page\" data-elementor-id=\"9\" class=\"elementor elementor-9\">\n\t\t\t\t<div class=\"elementor-element elementor-element-5cb61e8 e-flex e-con-boxed e-con e-parent\" data-id=\"5cb61e8\" data-element_type=\"container\">\n\t\t\t\t\t<div class=\"e-con-inner\">\n\t\t\t\t<div class=\"elementor-element elementor-element-51700b0 elementor-widget-divider--separator-type-pattern elementor-widget-divider--no-spacing elementor-widget-divider--view-line elementor-widget elementor-widget-divider\" data-id=\"51700b0\" data-element_type=\"widget\" data-widget_type=\"divider.default\">\n\t\t\t\t<div class=\"elementor-widget-container\">\n\t\t\t\t\t\t\t<div class=\"elementor-divider\" style=\"--divider-pattern-url: url(&quot;data:image\/svg+xml,%3Csvg xmlns=&#039;http:\/\/www.w3.org\/2000\/svg&#039; preserveAspectRatio=&#039;xMidYMid meet&#039; overflow=&#039;visible&#039; height=&#039;100%&#039; viewBox=&#039;0 0 126 26&#039; fill=&#039;black&#039; stroke=&#039;none&#039;%3E%3Cpath d=&#039;M3,10.2c2.6,0,2.6,2,2.6,3.2S4.4,16.5,3,16.5s-3-1.4-3-3.2S0.4,10.2,3,10.2z M18.8,10.2c1.7,0,3.2,1.4,3.2,3.2s-1.4,3.2-3.2,3.2c-1.7,0-3.2-1.4-3.2-3.2S17,10.2,18.8,10.2z M34.6,10.2c1.5,0,2.6,1.4,2.6,3.2s-0.5,3.2-1.9,3.2c-1.5,0-3.4-1.4-3.4-3.2S33.1,10.2,34.6,10.2z M50.5,10.2c1.7,0,3.2,1.4,3.2,3.2s-1.4,3.2-3.2,3.2c-1.7,0-3.3-0.9-3.3-2.6S48.7,10.2,50.5,10.2z M66.2,10.2c1.5,0,3.4,1.4,3.4,3.2s-1.9,3.2-3.4,3.2c-1.5,0-2.6-0.4-2.6-2.1S64.8,10.2,66.2,10.2z M82.2,10.2c1.7,0.8,2.6,1.4,2.6,3.2s-0.1,3.2-1.6,3.2c-1.5,0-3.7-1.4-3.7-3.2S80.5,9.4,82.2,10.2zM98.6,10.2c1.5,0,2.6,0.4,2.6,2.1s-1.2,4.2-2.6,4.2c-1.5,0-3.7-0.4-3.7-2.1S97.1,10.2,98.6,10.2z M113.4,10.2c1.2,0,2.2,0.9,2.2,3.2s-0.1,3.2-1.3,3.2s-3.1-1.4-3.1-3.2S112.2,10.2,113.4,10.2z&#039;\/%3E%3C\/svg%3E&quot;);\">\n\t\t\t<span class=\"elementor-divider-separator\">\n\t\t\t\t\t\t<\/span>\n\t\t<\/div>\n\t\t\t\t\t\t<\/div>\n\t\t\t\t<\/div>\n\t\t\t\t<div class=\"elementor-element elementor-element-b54c556 elementor-widget elementor-widget-text-editor\" data-id=\"b54c556\" data-element_type=\"widget\" data-widget_type=\"text-editor.default\">\n\t\t\t\t<div class=\"elementor-widget-container\">\n\t\t\t\t\t\t\t\t\t<p><span style=\"font-family: Arial, sans-serif;\">We are a dedicated international team of people from diverse social and cultural backgrounds. We are committed to social justice and want to share our passion for African music and culture with the world.\u00a0<\/span><\/p><p><span style=\"font-family: Arial, sans-serif;\">Founding of the Nubian Family association was an important step for us, giving clear form to our basic ideas and aspirations. The Nubian Family Festival offers an international platform for exchange and communication between different cultural groups. With this festival, we want to spread the idea of \u200b\u200binternational and intercultural community and inspire as many people as possible to embrace this idea.<\/span><\/p><p><strong><a href=\"https:\/\/nubianfamily.de\/wp-content\/uploads\/2025\/08\/Satzung_Nubian_Family_e.V.pdf\">Satzung_Nubian_Family_e.V.<\/a><\/strong><\/p>\t\t\t\t\t\t\t\t<\/div>\n\t\t\t\t<\/div>\n\t\t\t\t<div class=\"elementor-element elementor-element-e6890dd elementor-widget-divider--separator-type-pattern elementor-widget-divider--no-spacing elementor-widget-divider--view-line elementor-widget elementor-widget-divider\" data-id=\"e6890dd\" data-element_type=\"widget\" data-widget_type=\"divider.default\">\n\t\t\t\t<div class=\"elementor-widget-container\">\n\t\t\t\t\t\t\t<div class=\"elementor-divider\" style=\"--divider-pattern-url: url(&quot;data:image\/svg+xml,%3Csvg xmlns=&#039;http:\/\/www.w3.org\/2000\/svg&#039; preserveAspectRatio=&#039;xMidYMid meet&#039; overflow=&#039;visible&#039; height=&#039;100%&#039; viewBox=&#039;0 0 126 26&#039; fill=&#039;black&#039; stroke=&#039;none&#039;%3E%3Cpath d=&#039;M3,10.2c2.6,0,2.6,2,2.6,3.2S4.4,16.5,3,16.5s-3-1.4-3-3.2S0.4,10.2,3,10.2z M18.8,10.2c1.7,0,3.2,1.4,3.2,3.2s-1.4,3.2-3.2,3.2c-1.7,0-3.2-1.4-3.2-3.2S17,10.2,18.8,10.2z M34.6,10.2c1.5,0,2.6,1.4,2.6,3.2s-0.5,3.2-1.9,3.2c-1.5,0-3.4-1.4-3.4-3.2S33.1,10.2,34.6,10.2z M50.5,10.2c1.7,0,3.2,1.4,3.2,3.2s-1.4,3.2-3.2,3.2c-1.7,0-3.3-0.9-3.3-2.6S48.7,10.2,50.5,10.2z M66.2,10.2c1.5,0,3.4,1.4,3.4,3.2s-1.9,3.2-3.4,3.2c-1.5,0-2.6-0.4-2.6-2.1S64.8,10.2,66.2,10.2z M82.2,10.2c1.7,0.8,2.6,1.4,2.6,3.2s-0.1,3.2-1.6,3.2c-1.5,0-3.7-1.4-3.7-3.2S80.5,9.4,82.2,10.2zM98.6,10.2c1.5,0,2.6,0.4,2.6,2.1s-1.2,4.2-2.6,4.2c-1.5,0-3.7-0.4-3.7-2.1S97.1,10.2,98.6,10.2z M113.4,10.2c1.2,0,2.2,0.9,2.2,3.2s-0.1,3.2-1.3,3.2s-3.1-1.4-3.1-3.2S112.2,10.2,113.4,10.2z&#039;\/%3E%3C\/svg%3E&quot;);\">\n\t\t\t<span class=\"elementor-divider-separator\">\n\t\t\t\t\t\t<\/span>\n\t\t<\/div>\n\t\t\t\t\t\t<\/div>\n\t\t\t\t<\/div>\n\t\t\t\t\t<\/div>\n\t\t\t\t<\/div>\n\t\t\t\t<\/div>","protected":false},"excerpt":{"rendered":"<p>Wir sind ein engagiertes internationales Team von Menschen mit diversem gesellschaftlichen und kulturellen Hintergrund. Wir setzen uns f\u00fcr soziale Gerechtigkeit ein und wollen unsere Begeisterung f\u00fcr afrikanische Musik und Kultur mit der Welt teilen. Die Vereinsgr\u00fcndung war ein wichtiger Schritt f\u00fcr uns, der unseren Grundgedanken und Bestrebungen eine klare Form gegeben hat. Das Nubian Family [&hellip;]<\/p>","protected":false},"author":1,"featured_media":1198,"parent":0,"menu_order":0,"comment_status":"closed","ping_status":"closed","template":"","meta":{"_monsterinsights_skip_tracking":false,"_monsterinsights_sitenote_active":false,"_monsterinsights_sitenote_note":"","_monsterinsights_sitenote_category":0,"footnotes":""},"class_list":["post-9","page","type-page","status-publish","has-post-thumbnail"],"yoast_head":"<!-- This site is optimized with the Yoast SEO plugin v26.1.1 - https:\/\/yoast.com\/wordpress\/plugins\/seo\/ -->\n<title>\u00dcber uns -<\/title>\n<meta name=\"description\" content=\"Mit unserem legend\u00e4ren Nubian Family Festival wollen wir unsere Begeisterung f\u00fcr afrikanische Musik und Kultur mit der Welt teilen.\" \/>\n<meta name=\"robots\" content=\"index, follow, max-snippet:-1, max-image-preview:large, max-video-preview:-1\" \/>\n<link rel=\"canonical\" href=\"https:\/\/nubianfamily.de\/en\/ueber-uns\/\" \/>\n<meta property=\"og:locale\" content=\"en_US\" \/>\n<meta property=\"og:type\" content=\"article\" \/>\n<meta property=\"og:title\" content=\"\u00dcber uns -\" \/>\n<meta property=\"og:description\" content=\"Mit unserem legend\u00e4ren Nubian Family Festival wollen wir unsere Begeisterung f\u00fcr afrikanische Musik und Kultur mit der Welt teilen.\" \/>\n<meta property=\"og:url\" content=\"https:\/\/nubianfamily.de\/en\/ueber-uns\/\" \/>\n<meta property=\"article:modified_time\" content=\"2025-10-14T12:28:57+00:00\" \/>\n<meta property=\"og:image\" content=\"https:\/\/nubianfamily.de\/wp-content\/uploads\/2025\/03\/cropped-NF_png_Logo-1.png\" \/>\n\t<meta property=\"og:image:width\" content=\"512\" \/>\n\t<meta property=\"og:image:height\" content=\"512\" \/>\n\t<meta property=\"og:image:type\" content=\"image\/png\" \/>\n<meta name=\"twitter:card\" content=\"summary_large_image\" \/>\n<meta name=\"twitter:label1\" content=\"Est. reading time\" \/>\n\t<meta name=\"twitter:data1\" content=\"1 minute\" \/>\n<script type=\"application\/ld+json\" class=\"yoast-schema-graph\">{\"@context\":\"https:\/\/schema.org\",\"@graph\":[{\"@type\":\"WebPage\",\"@id\":\"https:\/\/nubianfamily.de\/ueber-uns\/\",\"url\":\"https:\/\/nubianfamily.de\/ueber-uns\/\",\"name\":\"\u00dcber uns -\",\"isPartOf\":{\"@id\":\"https:\/\/nubianfamily.de\/#website\"},\"primaryImageOfPage\":{\"@id\":\"https:\/\/nubianfamily.de\/ueber-uns\/#primaryimage\"},\"image\":{\"@id\":\"https:\/\/nubianfamily.de\/ueber-uns\/#primaryimage\"},\"thumbnailUrl\":\"https:\/\/nubianfamily.de\/wp-content\/uploads\/2025\/03\/cropped-NF_png_Logo-1.png\",\"datePublished\":\"2025-02-27T14:54:38+00:00\",\"dateModified\":\"2025-10-14T12:28:57+00:00\",\"description\":\"Mit unserem legend\u00e4ren Nubian Family Festival wollen wir unsere Begeisterung f\u00fcr afrikanische Musik und Kultur mit der Welt teilen.\",\"breadcrumb\":{\"@id\":\"https:\/\/nubianfamily.de\/ueber-uns\/#breadcrumb\"},\"inLanguage\":\"en-US\",\"potentialAction\":[{\"@type\":\"ReadAction\",\"target\":[\"https:\/\/nubianfamily.de\/ueber-uns\/\"]}]},{\"@type\":\"ImageObject\",\"inLanguage\":\"en-US\",\"@id\":\"https:\/\/nubianfamily.de\/ueber-uns\/#primaryimage\",\"url\":\"https:\/\/nubianfamily.de\/wp-content\/uploads\/2025\/03\/cropped-NF_png_Logo-1.png\",\"contentUrl\":\"https:\/\/nubianfamily.de\/wp-content\/uploads\/2025\/03\/cropped-NF_png_Logo-1.png\",\"width\":512,\"height\":512},{\"@type\":\"BreadcrumbList\",\"@id\":\"https:\/\/nubianfamily.de\/ueber-uns\/#breadcrumb\",\"itemListElement\":[{\"@type\":\"ListItem\",\"position\":1,\"name\":\"Startseite\",\"item\":\"https:\/\/nubianfamily.de\/\"},{\"@type\":\"ListItem\",\"position\":2,\"name\":\"\u00dcber uns\"}]},{\"@type\":\"WebSite\",\"@id\":\"https:\/\/nubianfamily.de\/#website\",\"url\":\"https:\/\/nubianfamily.de\/\",\"name\":\"\",\"description\":\"[:de]Nubian Family e.V.[:]\",\"potentialAction\":[{\"@type\":\"SearchAction\",\"target\":{\"@type\":\"EntryPoint\",\"urlTemplate\":\"https:\/\/nubianfamily.de\/?s={search_term_string}\"},\"query-input\":{\"@type\":\"PropertyValueSpecification\",\"valueRequired\":true,\"valueName\":\"search_term_string\"}}],\"inLanguage\":\"en-US\"}]}<\/script>\n<!-- \/ Yoast SEO plugin. -->","yoast_head_json":{"title":"\u00dcber uns -","description":"Mit unserem legend\u00e4ren Nubian Family Festival wollen wir unsere Begeisterung f\u00fcr afrikanische Musik und Kultur mit der Welt teilen.","robots":{"index":"index","follow":"follow","max-snippet":"max-snippet:-1","max-image-preview":"max-image-preview:large","max-video-preview":"max-video-preview:-1"},"canonical":"https:\/\/nubianfamily.de\/en\/ueber-uns\/","og_locale":"en_US","og_type":"article","og_title":"\u00dcber uns -","og_description":"Mit unserem legend\u00e4ren Nubian Family Festival wollen wir unsere Begeisterung f\u00fcr afrikanische Musik und Kultur mit der Welt teilen.","og_url":"https:\/\/nubianfamily.de\/en\/ueber-uns\/","article_modified_time":"2025-10-14T12:28:57+00:00","og_image":[{"width":512,"height":512,"url":"https:\/\/nubianfamily.de\/wp-content\/uploads\/2025\/03\/cropped-NF_png_Logo-1.png","type":"image\/png"}],"twitter_card":"summary_large_image","twitter_misc":{"Est. reading time":"1 minute"},"schema":{"@context":"https:\/\/schema.org","@graph":[{"@type":"WebPage","@id":"https:\/\/nubianfamily.de\/ueber-uns\/","url":"https:\/\/nubianfamily.de\/ueber-uns\/","name":"\u00dcber uns -","isPartOf":{"@id":"https:\/\/nubianfamily.de\/#website"},"primaryImageOfPage":{"@id":"https:\/\/nubianfamily.de\/ueber-uns\/#primaryimage"},"image":{"@id":"https:\/\/nubianfamily.de\/ueber-uns\/#primaryimage"},"thumbnailUrl":"https:\/\/nubianfamily.de\/wp-content\/uploads\/2025\/03\/cropped-NF_png_Logo-1.png","datePublished":"2025-02-27T14:54:38+00:00","dateModified":"2025-10-14T12:28:57+00:00","description":"Mit unserem legend\u00e4ren Nubian Family Festival wollen wir unsere Begeisterung f\u00fcr afrikanische Musik und Kultur mit der Welt teilen.","breadcrumb":{"@id":"https:\/\/nubianfamily.de\/ueber-uns\/#breadcrumb"},"inLanguage":"en-US","potentialAction":[{"@type":"ReadAction","target":["https:\/\/nubianfamily.de\/ueber-uns\/"]}]},{"@type":"ImageObject","inLanguage":"en-US","@id":"https:\/\/nubianfamily.de\/ueber-uns\/#primaryimage","url":"https:\/\/nubianfamily.de\/wp-content\/uploads\/2025\/03\/cropped-NF_png_Logo-1.png","contentUrl":"https:\/\/nubianfamily.de\/wp-content\/uploads\/2025\/03\/cropped-NF_png_Logo-1.png","width":512,"height":512},{"@type":"BreadcrumbList","@id":"https:\/\/nubianfamily.de\/ueber-uns\/#breadcrumb","itemListElement":[{"@type":"ListItem","position":1,"name":"Startseite","item":"https:\/\/nubianfamily.de\/"},{"@type":"ListItem","position":2,"name":"\u00dcber uns"}]},{"@type":"WebSite","@id":"https:\/\/nubianfamily.de\/#website","url":"https:\/\/nubianfamily.de\/","name":"","description":"[:de]Nubian Family e.V.[:]","potentialAction":[{"@type":"SearchAction","target":{"@type":"EntryPoint","urlTemplate":"https:\/\/nubianfamily.de\/?s={search_term_string}"},"query-input":{"@type":"PropertyValueSpecification","valueRequired":true,"valueName":"search_term_string"}}],"inLanguage":"en-US"}]}},"_links":{"self":[{"href":"https:\/\/nubianfamily.de\/en\/wp-json\/wp\/v2\/pages\/9","targetHints":{"allow":["GET"]}}],"collection":[{"href":"https:\/\/nubianfamily.de\/en\/wp-json\/wp\/v2\/pages"}],"about":[{"href":"https:\/\/nubianfamily.de\/en\/wp-json\/wp\/v2\/types\/page"}],"author":[{"embeddable":true,"href":"https:\/\/nubianfamily.de\/en\/wp-json\/wp\/v2\/users\/1"}],"replies":[{"embeddable":true,"href":"https:\/\/nubianfamily.de\/en\/wp-json\/wp\/v2\/comments?post=9"}],"version-history":[{"count":232,"href":"https:\/\/nubianfamily.de\/en\/wp-json\/wp\/v2\/pages\/9\/revisions"}],"predecessor-version":[{"id":2249,"href":"https:\/\/nubianfamily.de\/en\/wp-json\/wp\/v2\/pages\/9\/revisions\/2249"}],"wp:featuredmedia":[{"embeddable":true,"href":"https:\/\/nubianfamily.de\/en\/wp-json\/wp\/v2\/media\/1198"}],"wp:attachment":[{"href":"https:\/\/nubianfamily.de\/en\/wp-json\/wp\/v2\/media?parent=9"}],"curies":[{"name":"wp","href":"https:\/\/api.w.org\/{rel}","templated":true}]}}